{"id":1812,"date":"2018-11-07T00:40:06","date_gmt":"2018-11-06T23:40:06","guid":{"rendered":"http:\/\/latinarte.cz\/?page_id=1812"},"modified":"2024-03-10T15:50:53","modified_gmt":"2024-03-10T14:50:53","slug":"vilma-gelova","status":"publish","type":"page","link":"http:\/\/latinarte.cz\/en\/vilma-gelova\/","title":{"rendered":"Vilma Gelov\u00e1 DiS."},"content":{"rendered":"<h3>Dancer, dance teacher<\/h3>\n<p>Dancer Vilma Gelov\u00e1 DiS. studied at the Jan\u00e1\u010dek Conservatory in Ostrava. In 2023 she received the certificate of instructor of Pilates movement method 3rd generation <img decoding=\"async\" loading=\"lazy\" class=\" wp-image-2492 alignleft\" src=\"http:\/\/latinarte.cz\/wp-content\/uploads\/2024\/03\/6-e1710081142787-250x300.png\" alt=\"\" width=\"344\" height=\"413\" srcset=\"http:\/\/latinarte.cz\/wp-content\/uploads\/2024\/03\/6-e1710081142787-250x300.png 250w, http:\/\/latinarte.cz\/wp-content\/uploads\/2024\/03\/6-e1710081142787-852x1024.png 852w, http:\/\/latinarte.cz\/wp-content\/uploads\/2024\/03\/6-e1710081142787-768x923.png 768w, http:\/\/latinarte.cz\/wp-content\/uploads\/2024\/03\/6-e1710081142787-1278x1536.png 1278w, http:\/\/latinarte.cz\/wp-content\/uploads\/2024\/03\/6-e1710081142787-1170x1406.png 1170w, http:\/\/latinarte.cz\/wp-content\/uploads\/2024\/03\/6-e1710081142787.png 1685w\" sizes=\"(max-width: 344px) 100vw, 344px\" \/>level I + II, MAT level I &#8211; III and Ron Fletcher Towelwork. She learned Latin American dances such as salsa, bachata from the best teachers in Prague and Cuba, where she participated in workshops and festivals. She is currently studying Dance Pedagogy at the Faculty of Music and Dance at the Academy of Performing Arts in Prague.<\/p>\n<h3>SPECIALIZATION<\/h3>\n<p>Classical dance, Cuban salsa, bachata sensual, modern and contemporary dance, character dance, flamenco, Pilates method.<\/p>\n<h3>PRAXE<\/h3>\n<ul>\n<li>Since 2017 I have been performing in the National Theatre of Moravia and Silesia &#8211; Moravian Ostrava in productions:<br \/>\n-Flowers for Mrs. Harris (operetta) \/ Dancer \/ 2020 \/ Gabriela Petr\u00e1kov\u00e1, Rachel Wagstaff<br \/>\n-The Masquerade Ball (opera) \/ 2019 &#8211; 2020 (dancer)<br \/>\n-Lake Louise (ballet) \/ Court Lady \/ 2018 &#8211; 2019 (dancer)<br \/>\n-Rebecca (musical) 2017 &#8211; 2020 (dancer)<br \/>\n-Don Quixote (ballet) \/ The Girl with the Ribbons, Gypsy, Act 2 Alternation &#8211; The Dream \/ 2017 &#8211; 2020 (dancer)<\/li>\n<li>LatinArte Prague (dancer).<\/li>\n<\/ul>\n<h4>Participation in competitions:<\/h4>\n<p>International Choreographic Competition Bytom (2nd place), Dance World Cup Selb (4th place), Pardubice Arabesque, Hradeck\u00e1 Odette (2x 2nd place), Dance Crown Prague, Na \u0161pi\u010dk\u00e1ch Brno.<\/p>\n<p>&nbsp;","protected":false},"excerpt":{"rendered":"<p>Dancer, dance teacher Dancer Vilma Gelov\u00e1 DiS. studied at the Jan\u00e1\u010dek Conservatory in Ostrava. In 2023 she received the certificate of instructor of Pilates movement method 3rd generation level I + II, MAT level I &#8211; III and Ron Fletcher Towelwork. She learned Latin American dances such as salsa, bachata from the best teachers in&#8230;<\/p>\n","protected":false},"author":7,"featured_media":1813,"parent":0,"menu_order":0,"comment_status":"closed","ping_status":"closed","template":"","meta":{"_bbp_topic_count":0,"_bbp_reply_count":0,"_bbp_total_topic_count":0,"_bbp_total_reply_count":0,"_bbp_voice_count":0,"_bbp_anonymous_reply_count":0,"_bbp_topic_count_hidden":0,"_bbp_reply_count_hidden":0,"_bbp_forum_subforum_count":0},"_links":{"self":[{"href":"http:\/\/latinarte.cz\/en\/wp-json\/wp\/v2\/pages\/1812"}],"collection":[{"href":"http:\/\/latinarte.cz\/en\/wp-json\/wp\/v2\/pages"}],"about":[{"href":"http:\/\/latinarte.cz\/en\/wp-json\/wp\/v2\/types\/page"}],"author":[{"embeddable":true,"href":"http:\/\/latinarte.cz\/en\/wp-json\/wp\/v2\/users\/7"}],"replies":[{"embeddable":true,"href":"http:\/\/latinarte.cz\/en\/wp-json\/wp\/v2\/comments?post=1812"}],"version-history":[{"count":8,"href":"http:\/\/latinarte.cz\/en\/wp-json\/wp\/v2\/pages\/1812\/revisions"}],"predecessor-version":[{"id":2499,"href":"http:\/\/latinarte.cz\/en\/wp-json\/wp\/v2\/pages\/1812\/revisions\/2499"}],"wp:featuredmedia":[{"embeddable":true,"href":"http:\/\/latinarte.cz\/en\/wp-json\/wp\/v2\/media\/1813"}],"wp:attachment":[{"href":"http:\/\/latinarte.cz\/en\/wp-json\/wp\/v2\/media?parent=1812"}],"curies":[{"name":"wp","href":"https:\/\/api.w.org\/{rel}","templated":true}]}}