{"id":970,"date":"2016-11-25T10:45:43","date_gmt":"2016-11-25T09:45:43","guid":{"rendered":"http:\/\/latinarte.cz\/?page_id=970"},"modified":"2021-05-14T16:11:16","modified_gmt":"2021-05-14T14:11:16","slug":"kontakty","status":"publish","type":"page","link":"http:\/\/latinarte.cz\/en\/kontakty\/","title":{"rendered":"Contacts"},"content":{"rendered":"<h3 style=\"text-align: center;\">LatinArte s.r.o.<\/h3>\n<p style=\"text-align: center;\"><i class=\"fa fa-map-marker\"><\/i> Bude\u010dsk\u00e1 974\/6<br \/>\n120 00 Praha 2<br \/>\n<i class=\"fa fa-envelope\"><\/i> info@latinarte.cz<\/p>\n<p style=\"text-align: center;\">I\u010c: 05554713<\/p>\n<div style=\"text-align: center;\"><strong>Ing. Petr Kratochv\u00edl <img class='azc_flags' src='http:\/\/latinarte.cz\/wp-content\/plugins\/azurecurve-flags\/images\/cz.png' alt= 'Czechia' \/> <img class='azc_flags' src='http:\/\/latinarte.cz\/wp-content\/plugins\/azurecurve-flags\/images\/ru.png' alt= 'Russia' \/> <img class='azc_flags' src='http:\/\/latinarte.cz\/wp-content\/plugins\/azurecurve-flags\/images\/de.png' alt= 'Germany' \/> <img class='azc_flags' src='http:\/\/latinarte.cz\/wp-content\/plugins\/azurecurve-flags\/images\/gb.png' alt= 'United Kingdom of Great Britain and Northern Ireland' \/> <img class='azc_flags' src='http:\/\/latinarte.cz\/wp-content\/plugins\/azurecurve-flags\/images\/es.png' alt= 'Spain' \/><\/strong><br \/>\n<span style=\"font-weight: 400;\">Managing Director<\/span><br \/>\n<i class=\"fa fa-envelope\"><\/i> pkratochvil@latinarte.cz<br \/>\n<i class=\"fa fa-phone\"><\/i> +420 602\u00a0311\u00a0818<\/div>\n<div style=\"text-align: center; margin-top: 20px;\"><strong>Hanser Estenoz <img class='azc_flags' src='http:\/\/latinarte.cz\/wp-content\/plugins\/azurecurve-flags\/images\/es.png' alt= 'Spain' \/> <img class='azc_flags' src='http:\/\/latinarte.cz\/wp-content\/plugins\/azurecurve-flags\/images\/pt.png' alt= 'Portugal' \/><\/strong><br \/>\n<span style=\"font-weight: 400;\">Artistic Director<\/span><br \/>\n<i class=\"fa fa-envelope\"><\/i> hestenoz@latinarte.cz<br \/>\n<i class=\"fa fa-phone\"><\/i> +420 720\u00a0968\u00a0158<\/div>\n<h3 style=\"text-align: center;\">Contact form<\/h3>\n<p class=\"contactFormDesc\" style=\"text-align: center;\">Write to us<\/p>\n<p style=\"text-align: center;\">\n<div class=\"wpcf7 no-js\" id=\"wpcf7-f1342-o2\" lang=\"cs-CZ\" dir=\"ltr\">\n<div class=\"screen-reader-response\"><p role=\"status\" aria-live=\"polite\" aria-atomic=\"true\"><\/p> <ul><\/ul><\/div>\n<form action=\"\/en\/wp-json\/wp\/v2\/pages\/970#wpcf7-f1342-o2\" method=\"post\" class=\"wpcf7-form init\" aria-label=\"Kontaktn\u00ed formul\u00e1\u0159\" novalidate=\"novalidate\" data-status=\"init\">\n<div style=\"display: none;\">\n<input type=\"hidden\" name=\"_wpcf7\" value=\"1342\" \/>\n<input type=\"hidden\" name=\"_wpcf7_version\" value=\"5.7.7\" \/>\n<input type=\"hidden\" name=\"_wpcf7_locale\" value=\"cs_CZ\" \/>\n<input type=\"hidden\" name=\"_wpcf7_unit_tag\" value=\"wpcf7-f1342-o2\" \/>\n<input type=\"hidden\" name=\"_wpcf7_container_post\" value=\"0\" \/>\n<input type=\"hidden\" name=\"_wpcf7_posted_data_hash\" value=\"\" \/>\n<\/div>\n<p><label> Name<br \/>\n<span class=\"wpcf7-form-control-wrap\" data-name=\"your-name\"><input size=\"40\" class=\"wpcf7-form-control wpcf7-text wpcf7-validates-as-required\" aria-required=\"true\" aria-invalid=\"false\" value=\"\" type=\"text\" name=\"your-name\" \/><\/span> <\/label>\n<\/p>\n<p><span id=\"wpcf7-6a0905e27844a-wrapper\" class=\"wpcf7-form-control-wrap last-name-wrap\" style=\"display:none !important; visibility:hidden !important;\"><label for=\"wpcf7-6a0905e27844a-field\" class=\"hp-message\">Please leave this field empty.<\/label><input id=\"wpcf7-6a0905e27844a-field\"  class=\"wpcf7-form-control wpcf7-text\" type=\"text\" name=\"last-name\" value=\"\" size=\"40\" tabindex=\"-1\" autocomplete=\"new-password\" \/><\/span>\n<\/p>\n<p><label> E-mail<br \/>\n<span class=\"wpcf7-form-control-wrap\" data-name=\"your-email\"><input size=\"40\" class=\"wpcf7-form-control wpcf7-text wpcf7-email wpcf7-validates-as-required wpcf7-validates-as-email\" aria-required=\"true\" aria-invalid=\"false\" value=\"\" type=\"email\" name=\"your-email\" \/><\/span> <\/label>\n<\/p>\n<p><label> Subject<br \/>\n<span class=\"wpcf7-form-control-wrap\" data-name=\"your-subject\"><input size=\"40\" class=\"wpcf7-form-control wpcf7-text wpcf7-validates-as-required\" aria-required=\"true\" aria-invalid=\"false\" value=\"\" type=\"text\" name=\"your-subject\" \/><\/span> <\/label>\n<\/p>\n<p><label> Message<br \/>\n<span class=\"wpcf7-form-control-wrap\" data-name=\"your-message\"><textarea cols=\"40\" rows=\"10\" class=\"wpcf7-form-control wpcf7-textarea wpcf7-validates-as-required\" aria-required=\"true\" aria-invalid=\"false\" name=\"your-message\"><\/textarea><\/span> <\/label>\n<\/p>\n<p><label>Input this code please: <input type=\"hidden\" name=\"_wpcf7_captcha_challenge_captcha-1\" value=\"3132378300\" \/><img class=\"wpcf7-form-control wpcf7-captchac wpcf7-captcha-captcha-1\" width=\"72\" height=\"24\" alt=\"captcha\" src=\"http:\/\/latinarte.cz\/wp-content\/uploads\/wpcf7_captcha\/3132378300.png\" \/><br \/>\n<span class=\"wpcf7-form-control-wrap\" data-name=\"captcha-1\"><input size=\"40\" class=\"wpcf7-form-control wpcf7-captchar wpcf7-text\" autocomplete=\"off\" aria-invalid=\"false\" value=\"\" type=\"text\" name=\"captcha-1\" \/><\/span> <\/label>\n<\/p>\n<p><input class=\"wpcf7-form-control has-spinner wpcf7-submit\" type=\"submit\" value=\"Send\" \/>\n<\/p><p style=\"display: none !important;\" class=\"akismet-fields-container\" data-prefix=\"_wpcf7_ak_\"><label>&#916;<textarea name=\"_wpcf7_ak_hp_textarea\" cols=\"45\" rows=\"8\" maxlength=\"100\"><\/textarea><\/label><input type=\"hidden\" id=\"ak_js_2\" name=\"_wpcf7_ak_js\" value=\"70\"\/><script>document.getElementById( \"ak_js_2\" ).setAttribute( \"value\", ( new Date() ).getTime() );<\/script><\/p><div class=\"wpcf7-response-output\" aria-hidden=\"true\"><\/div>\n<\/form>\n<\/div>","protected":false},"excerpt":{"rendered":"<p>LatinArte s.r.o. Bude\u010dsk\u00e1 974\/6 120 00 Praha 2 info@latinarte.cz I\u010c: 05554713 Ing. Petr Kratochv\u00edl Managing Director pkratochvil@latinarte.cz +420 602\u00a0311\u00a0818 Hanser Estenoz Artistic Director hestenoz@latinarte.cz +420 720\u00a0968\u00a0158 Contact form Write to us<\/p>\n","protected":false},"author":1,"featured_media":0,"parent":0,"menu_order":0,"comment_status":"closed","ping_status":"closed","template":"","meta":{"_bbp_topic_count":0,"_bbp_reply_count":0,"_bbp_total_topic_count":0,"_bbp_total_reply_count":0,"_bbp_voice_count":0,"_bbp_anonymous_reply_count":0,"_bbp_topic_count_hidden":0,"_bbp_reply_count_hidden":0,"_bbp_forum_subforum_count":0},"_links":{"self":[{"href":"http:\/\/latinarte.cz\/en\/wp-json\/wp\/v2\/pages\/970"}],"collection":[{"href":"http:\/\/latinarte.cz\/en\/wp-json\/wp\/v2\/pages"}],"about":[{"href":"http:\/\/latinarte.cz\/en\/wp-json\/wp\/v2\/types\/page"}],"author":[{"embeddable":true,"href":"http:\/\/latinarte.cz\/en\/wp-json\/wp\/v2\/users\/1"}],"replies":[{"embeddable":true,"href":"http:\/\/latinarte.cz\/en\/wp-json\/wp\/v2\/comments?post=970"}],"version-history":[{"count":49,"href":"http:\/\/latinarte.cz\/en\/wp-json\/wp\/v2\/pages\/970\/revisions"}],"predecessor-version":[{"id":2175,"href":"http:\/\/latinarte.cz\/en\/wp-json\/wp\/v2\/pages\/970\/revisions\/2175"}],"wp:attachment":[{"href":"http:\/\/latinarte.cz\/en\/wp-json\/wp\/v2\/media?parent=970"}],"curies":[{"name":"wp","href":"https:\/\/api.w.org\/{rel}","templated":true}]}}